{"id":773,"date":"2017-03-06T16:21:13","date_gmt":"2017-03-06T21:21:13","guid":{"rendered":"https:\/\/www.bedcolab.com\/contact\/"},"modified":"2021-09-10T14:28:35","modified_gmt":"2021-09-10T18:28:35","slug":"nous-joindre","status":"publish","type":"page","link":"https:\/\/www.bedcolab.com\/fr\/nous-joindre\/","title":{"rendered":"Nous joindre"},"content":{"rendered":"\n<p>2305 avenue Francis-Hughes, Laval, Qu\u00e9bec, Canada  H7S 1N5<br>T\u00e9l. : <strong>514-384-2820<\/strong><br>Sans frais: <strong>1-800-461-6414<\/strong><br>T\u00e9l\u00e9c. : <strong>514-384-9292<\/strong><\/p>\n","protected":false},"excerpt":{"rendered":"<p>2305 avenue Francis-Hughes, Laval, Qu\u00e9bec, Canada H7S 1N5T\u00e9l. : 514-384-2820Sans frais: 1-800-461-6414T\u00e9l\u00e9c. : 514-384-9292<\/p>\n","protected":false},"author":1,"featured_media":0,"parent":0,"menu_order":0,"comment_status":"closed","ping_status":"closed","template":"page-templates\/ink-contact.php","meta":{"_acf_changed":false,"footnotes":""},"class_list":["post-773","page","type-page","status-publish","hentry"],"acf":[],"_links":{"self":[{"href":"https:\/\/www.bedcolab.com\/fr\/wp-json\/wp\/v2\/pages\/773","targetHints":{"allow":["GET"]}}],"collection":[{"href":"https:\/\/www.bedcolab.com\/fr\/wp-json\/wp\/v2\/pages"}],"about":[{"href":"https:\/\/www.bedcolab.com\/fr\/wp-json\/wp\/v2\/types\/page"}],"author":[{"embeddable":true,"href":"https:\/\/www.bedcolab.com\/fr\/wp-json\/wp\/v2\/users\/1"}],"replies":[{"embeddable":true,"href":"https:\/\/www.bedcolab.com\/fr\/wp-json\/wp\/v2\/comments?post=773"}],"version-history":[{"count":2,"href":"https:\/\/www.bedcolab.com\/fr\/wp-json\/wp\/v2\/pages\/773\/revisions"}],"predecessor-version":[{"id":1894,"href":"https:\/\/www.bedcolab.com\/fr\/wp-json\/wp\/v2\/pages\/773\/revisions\/1894"}],"wp:attachment":[{"href":"https:\/\/www.bedcolab.com\/fr\/wp-json\/wp\/v2\/media?parent=773"}],"curies":[{"name":"wp","href":"https:\/\/api.w.org\/{rel}","templated":true}]}}