{"id":760,"date":"2017-02-22T16:07:47","date_gmt":"2017-02-22T21:07:47","guid":{"rendered":"https:\/\/www.bedcolab.com\/hottes\/teaching-hoods\/"},"modified":"2018-09-24T10:31:03","modified_gmt":"2018-09-24T14:31:03","slug":"hottes-enseignement","status":"publish","type":"page","link":"https:\/\/www.bedcolab.com\/fr\/hottes\/hottes-enseignement\/","title":{"rendered":"Hottes d&rsquo;enseignement"},"content":{"rendered":"<p>Cette nouvelle version de notre hotte d&rsquo;enseignement est sp\u00e9cialement con\u00e7ue pour r\u00e9pondre aux exigences p\u00e9dagogiques. Elle permet de voir la science \u00e0 l\u2019oeuvre \u00e0 l\u2019int\u00e9rieur des hottes \u00e0 partir de n&rsquo;importe quel point de vue. Elle comporte des panneaux de verre de s\u00e9curit\u00e9 sur la porte battante ainsi que sur les panneaux lat\u00e9raux et arri\u00e8re. Elle a \u00e9t\u00e9 con\u00e7ue avec un angle ergonomique sur le devant pour faciliter l&rsquo;utilisation de la hotte par les \u00e9tudiants.<\/p>\n<p>Elle r\u00e9pond \u00e0 toutes les exigences SEFA 1 et a \u00e9t\u00e9 test\u00e9e avec succ\u00e8s selon le protocole ASHRAE 110. La conception inclut la possibilit\u00e9 d\u2019int\u00e9grer jusqu\u2019\u00e0 8 \u00e9l\u00e9ments de plomberie enti\u00e8rement pr\u00e9-raccord\u00e9s et est \u00e9quip\u00e9e d\u2019un \u00e9clairage \u00e0 DEL, de prises \u00e9lectriques et d\u2019un interrupteur avant pr\u00e9-c\u00e2bl\u00e9s.<\/p>\n","protected":false},"excerpt":{"rendered":"<p>Cette nouvelle version de notre hotte d&rsquo;enseignement est sp\u00e9cialement con\u00e7ue pour r\u00e9pondre aux exigences p\u00e9dagogiques. Elle permet de voir la science \u00e0 l\u2019oeuvre \u00e0 l\u2019int\u00e9rieur des hottes \u00e0 partir de n&rsquo;importe quel point de vue. Elle comporte des panneaux de verre de s\u00e9curit\u00e9 sur la porte battante ainsi que sur les panneaux lat\u00e9raux et arri\u00e8re.&hellip;<\/p>\n<p><a class=\"more-link\" href=\"https:\/\/www.bedcolab.com\/fr\/hottes\/hottes-enseignement\/\" title=\"Poursuivre la lecture &lsquo;Hottes d&rsquo;enseignement&rsquo;\">Continuer la lecture <span class=\"meta-nav\">&rarr;<\/span><\/a><\/p>\n","protected":false},"author":1,"featured_media":588,"parent":719,"menu_order":0,"comment_status":"closed","ping_status":"closed","template":"page-templates\/ink-product.php","meta":{"_acf_changed":false,"footnotes":""},"class_list":["post-760","page","type-page","status-publish","has-post-thumbnail","hentry"],"acf":[],"_links":{"self":[{"href":"https:\/\/www.bedcolab.com\/fr\/wp-json\/wp\/v2\/pages\/760","targetHints":{"allow":["GET"]}}],"collection":[{"href":"https:\/\/www.bedcolab.com\/fr\/wp-json\/wp\/v2\/pages"}],"about":[{"href":"https:\/\/www.bedcolab.com\/fr\/wp-json\/wp\/v2\/types\/page"}],"author":[{"embeddable":true,"href":"https:\/\/www.bedcolab.com\/fr\/wp-json\/wp\/v2\/users\/1"}],"replies":[{"embeddable":true,"href":"https:\/\/www.bedcolab.com\/fr\/wp-json\/wp\/v2\/comments?post=760"}],"version-history":[{"count":4,"href":"https:\/\/www.bedcolab.com\/fr\/wp-json\/wp\/v2\/pages\/760\/revisions"}],"predecessor-version":[{"id":851,"href":"https:\/\/www.bedcolab.com\/fr\/wp-json\/wp\/v2\/pages\/760\/revisions\/851"}],"up":[{"embeddable":true,"href":"https:\/\/www.bedcolab.com\/fr\/wp-json\/wp\/v2\/pages\/719"}],"wp:featuredmedia":[{"embeddable":true,"href":"https:\/\/www.bedcolab.com\/fr\/wp-json\/wp\/v2\/media\/588"}],"wp:attachment":[{"href":"https:\/\/www.bedcolab.com\/fr\/wp-json\/wp\/v2\/media?parent=760"}],"curies":[{"name":"wp","href":"https:\/\/api.w.org\/{rel}","templated":true}]}}