{"id":756,"date":"2017-02-22T16:07:24","date_gmt":"2017-02-22T21:07:24","guid":{"rendered":"https:\/\/www.bedcolab.com\/hottes\/chemical-fume-hoods\/"},"modified":"2018-09-24T10:31:02","modified_gmt":"2018-09-24T14:31:02","slug":"hottes-chimiques","status":"publish","type":"page","link":"https:\/\/www.bedcolab.com\/fr\/hottes\/hottes-chimiques\/","title":{"rendered":"Hottes chimiques"},"content":{"rendered":"<p>Nous avons combin\u00e9 une \u00e9tude approfondie de la client\u00e8le, un programme de recherche et d\u00e9veloppement rigoureux et plus de 30 ans d&rsquo;exp\u00e9rience dans la fabrication de hottes afin de concevoir une hotte de haute performance et de grande valeur parfaitement adapt\u00e9e aux nouvelles r\u00e9alit\u00e9s de l&rsquo;environnement d\u2019un laboratoire moderne.<\/p>\n<p>La hotte Vanguard rel\u00e8ve ces d\u00e9fis de front. Elle offre la combinaison ultime de performances, de confinement s\u00e9curitaire, d&rsquo;efficacit\u00e9 \u00e9nerg\u00e9tique et d&rsquo;utilisation de l&rsquo;espace.<\/p>\n<p>Le crit\u00e8re de performance le plus important d&rsquo;une hotte de laboratoire est certainement la s\u00e9curit\u00e9 du personnel du laboratoire. Avec la priorit\u00e9 sur le confinement, le capot de la hotte Vanguard a \u00e9t\u00e9 con\u00e7ue avec la plus grand rigueur, utilisant des logiciels d&rsquo;ing\u00e9nierie et de rendu 3D avanc\u00e9s. Chaque composante du Vanguard offre des performances a\u00e9rodynamiques optimales.<\/p>\n","protected":false},"excerpt":{"rendered":"<p>Nous avons combin\u00e9 une \u00e9tude approfondie de la client\u00e8le, un programme de recherche et d\u00e9veloppement rigoureux et plus de 30 ans d&rsquo;exp\u00e9rience dans la fabrication de hottes afin de concevoir une hotte de haute performance et de grande valeur parfaitement adapt\u00e9e aux nouvelles r\u00e9alit\u00e9s de l&rsquo;environnement d\u2019un laboratoire moderne. La hotte Vanguard rel\u00e8ve ces d\u00e9fis&hellip;<\/p>\n<p><a class=\"more-link\" href=\"https:\/\/www.bedcolab.com\/fr\/hottes\/hottes-chimiques\/\" title=\"Poursuivre la lecture &lsquo;Hottes chimiques&rsquo;\">Continuer la lecture <span class=\"meta-nav\">&rarr;<\/span><\/a><\/p>\n","protected":false},"author":1,"featured_media":585,"parent":719,"menu_order":0,"comment_status":"closed","ping_status":"closed","template":"page-templates\/ink-product.php","meta":{"_acf_changed":false,"footnotes":""},"class_list":["post-756","page","type-page","status-publish","has-post-thumbnail","hentry"],"acf":[],"_links":{"self":[{"href":"https:\/\/www.bedcolab.com\/fr\/wp-json\/wp\/v2\/pages\/756","targetHints":{"allow":["GET"]}}],"collection":[{"href":"https:\/\/www.bedcolab.com\/fr\/wp-json\/wp\/v2\/pages"}],"about":[{"href":"https:\/\/www.bedcolab.com\/fr\/wp-json\/wp\/v2\/types\/page"}],"author":[{"embeddable":true,"href":"https:\/\/www.bedcolab.com\/fr\/wp-json\/wp\/v2\/users\/1"}],"replies":[{"embeddable":true,"href":"https:\/\/www.bedcolab.com\/fr\/wp-json\/wp\/v2\/comments?post=756"}],"version-history":[{"count":5,"href":"https:\/\/www.bedcolab.com\/fr\/wp-json\/wp\/v2\/pages\/756\/revisions"}],"predecessor-version":[{"id":848,"href":"https:\/\/www.bedcolab.com\/fr\/wp-json\/wp\/v2\/pages\/756\/revisions\/848"}],"up":[{"embeddable":true,"href":"https:\/\/www.bedcolab.com\/fr\/wp-json\/wp\/v2\/pages\/719"}],"wp:featuredmedia":[{"embeddable":true,"href":"https:\/\/www.bedcolab.com\/fr\/wp-json\/wp\/v2\/media\/585"}],"wp:attachment":[{"href":"https:\/\/www.bedcolab.com\/fr\/wp-json\/wp\/v2\/media?parent=756"}],"curies":[{"name":"wp","href":"https:\/\/api.w.org\/{rel}","templated":true}]}}