{"id":753,"date":"2017-02-22T14:57:18","date_gmt":"2017-02-22T19:57:18","guid":{"rendered":"https:\/\/www.bedcolab.com\/mobilier-de-laboratoire\/flush-overlay-painted-steel\/"},"modified":"2018-09-24T10:31:04","modified_gmt":"2018-09-24T14:31:04","slug":"flush-overlay-acier-peint","status":"publish","type":"page","link":"https:\/\/www.bedcolab.com\/fr\/mobilier-de-laboratoire\/flush-overlay-acier-peint\/","title":{"rendered":"Flush Overlay en acier peint"},"content":{"rendered":"<p>Avec sa conduction soud\u00e9e, rigide et robuste et sa finition de peinture \u00e9lectrostatique durable en poudre SEFA-8, notre gamme d&rsquo;armoires <strong>Forte Flush Overlay<\/strong> est con\u00e7ue pour fournir des ann\u00e9es de performance fiable et un niveau sans pr\u00e9c\u00e9dent d&rsquo;adaptabilit\u00e9 et de fonctionnalit\u00e9 dans un syst\u00e8me de laboratoire conventionnel<\/p>\n<p>La conception <strong>Forte Flush Overlay<\/strong> offre des configurations de portes et de tiroirs facilement interchangeables \u00e0 l\u2019aide d\u2019outils simples, permettant \u00e0 l\u2019utilisateur d\u2019adapter facilement son environnement de travail aux besoins de recherche changeants.<\/p>\n","protected":false},"excerpt":{"rendered":"<p>Avec sa conduction soud\u00e9e, rigide et robuste et sa finition de peinture \u00e9lectrostatique durable en poudre SEFA-8, notre gamme d&rsquo;armoires Forte Flush Overlay est con\u00e7ue pour fournir des ann\u00e9es de performance fiable et un niveau sans pr\u00e9c\u00e9dent d&rsquo;adaptabilit\u00e9 et de fonctionnalit\u00e9 dans un syst\u00e8me de laboratoire conventionnel La conception Forte Flush Overlay offre des configurations&hellip;<\/p>\n<p><a class=\"more-link\" href=\"https:\/\/www.bedcolab.com\/fr\/mobilier-de-laboratoire\/flush-overlay-acier-peint\/\" title=\"Poursuivre la lecture &lsquo;Flush Overlay en acier peint&rsquo;\">Continuer la lecture <span class=\"meta-nav\">&rarr;<\/span><\/a><\/p>\n","protected":false},"author":1,"featured_media":577,"parent":717,"menu_order":0,"comment_status":"closed","ping_status":"closed","template":"page-templates\/ink-product.php","meta":{"_acf_changed":false,"footnotes":""},"class_list":["post-753","page","type-page","status-publish","has-post-thumbnail","hentry"],"acf":[],"_links":{"self":[{"href":"https:\/\/www.bedcolab.com\/fr\/wp-json\/wp\/v2\/pages\/753","targetHints":{"allow":["GET"]}}],"collection":[{"href":"https:\/\/www.bedcolab.com\/fr\/wp-json\/wp\/v2\/pages"}],"about":[{"href":"https:\/\/www.bedcolab.com\/fr\/wp-json\/wp\/v2\/types\/page"}],"author":[{"embeddable":true,"href":"https:\/\/www.bedcolab.com\/fr\/wp-json\/wp\/v2\/users\/1"}],"replies":[{"embeddable":true,"href":"https:\/\/www.bedcolab.com\/fr\/wp-json\/wp\/v2\/comments?post=753"}],"version-history":[{"count":5,"href":"https:\/\/www.bedcolab.com\/fr\/wp-json\/wp\/v2\/pages\/753\/revisions"}],"predecessor-version":[{"id":860,"href":"https:\/\/www.bedcolab.com\/fr\/wp-json\/wp\/v2\/pages\/753\/revisions\/860"}],"up":[{"embeddable":true,"href":"https:\/\/www.bedcolab.com\/fr\/wp-json\/wp\/v2\/pages\/717"}],"wp:featuredmedia":[{"embeddable":true,"href":"https:\/\/www.bedcolab.com\/fr\/wp-json\/wp\/v2\/media\/577"}],"wp:attachment":[{"href":"https:\/\/www.bedcolab.com\/fr\/wp-json\/wp\/v2\/media?parent=753"}],"curies":[{"name":"wp","href":"https:\/\/api.w.org\/{rel}","templated":true}]}}