{"id":751,"date":"2017-02-22T15:00:50","date_gmt":"2017-02-22T20:00:50","guid":{"rendered":"https:\/\/www.bedcolab.com\/mobilier-de-laboratoire\/casework-accessories\/"},"modified":"2018-09-24T10:31:04","modified_gmt":"2018-09-24T14:31:04","slug":"accessoires-mobilier-laboratoire","status":"publish","type":"page","link":"https:\/\/www.bedcolab.com\/fr\/mobilier-de-laboratoire\/accessoires-mobilier-laboratoire\/","title":{"rendered":"Accessoires de mobilier"},"content":{"rendered":"<p>Divers accessoires ont \u00e9t\u00e9 con\u00e7us pour s&rsquo;int\u00e9grer \u00e0 nos trois gammes de mobiliers de laboratoire: <strong>Forte Inset<\/strong>, <strong>Forte Flush Overlay<\/strong> et <strong>Harmony<\/strong>.<\/p>\n<p>Ces accessoires de rangement, incluant les divers types de charges, pattes, supports, \u00e9tag\u00e8res, porte-r\u00e9actifs et f\u00fbts ombilicaux, ont \u00e9t\u00e9 con\u00e7us pour compl\u00e9ter nos trois gammes d\u2019armoires.<\/p>\n","protected":false},"excerpt":{"rendered":"<p>Divers accessoires ont \u00e9t\u00e9 con\u00e7us pour s&rsquo;int\u00e9grer \u00e0 nos trois gammes de mobiliers de laboratoire: Forte Inset, Forte Flush Overlay et Harmony. Ces accessoires de rangement, incluant les divers types de charges, pattes, supports, \u00e9tag\u00e8res, porte-r\u00e9actifs et f\u00fbts ombilicaux, ont \u00e9t\u00e9 con\u00e7us pour compl\u00e9ter nos trois gammes d\u2019armoires.<\/p>\n","protected":false},"author":1,"featured_media":581,"parent":717,"menu_order":0,"comment_status":"closed","ping_status":"closed","template":"page-templates\/ink-product.php","meta":{"_acf_changed":false,"footnotes":""},"class_list":["post-751","page","type-page","status-publish","has-post-thumbnail","hentry"],"acf":[],"_links":{"self":[{"href":"https:\/\/www.bedcolab.com\/fr\/wp-json\/wp\/v2\/pages\/751","targetHints":{"allow":["GET"]}}],"collection":[{"href":"https:\/\/www.bedcolab.com\/fr\/wp-json\/wp\/v2\/pages"}],"about":[{"href":"https:\/\/www.bedcolab.com\/fr\/wp-json\/wp\/v2\/types\/page"}],"author":[{"embeddable":true,"href":"https:\/\/www.bedcolab.com\/fr\/wp-json\/wp\/v2\/users\/1"}],"replies":[{"embeddable":true,"href":"https:\/\/www.bedcolab.com\/fr\/wp-json\/wp\/v2\/comments?post=751"}],"version-history":[{"count":4,"href":"https:\/\/www.bedcolab.com\/fr\/wp-json\/wp\/v2\/pages\/751\/revisions"}],"predecessor-version":[{"id":855,"href":"https:\/\/www.bedcolab.com\/fr\/wp-json\/wp\/v2\/pages\/751\/revisions\/855"}],"up":[{"embeddable":true,"href":"https:\/\/www.bedcolab.com\/fr\/wp-json\/wp\/v2\/pages\/717"}],"wp:featuredmedia":[{"embeddable":true,"href":"https:\/\/www.bedcolab.com\/fr\/wp-json\/wp\/v2\/media\/581"}],"wp:attachment":[{"href":"https:\/\/www.bedcolab.com\/fr\/wp-json\/wp\/v2\/media?parent=751"}],"curies":[{"name":"wp","href":"https:\/\/api.w.org\/{rel}","templated":true}]}}