{"id":749,"date":"2017-02-22T14:59:33","date_gmt":"2017-02-22T19:59:33","guid":{"rendered":"https:\/\/www.bedcolab.com\/mobilier-de-laboratoire\/wood-faced-metal-casework\/"},"modified":"2018-09-24T10:31:04","modified_gmt":"2018-09-24T14:31:04","slug":"mobilier-metal-devanture-bois","status":"publish","type":"page","link":"https:\/\/www.bedcolab.com\/fr\/mobilier-de-laboratoire\/mobilier-metal-devanture-bois\/","title":{"rendered":"Mobilier de m\u00e9tal \u00e0 devanture de bois"},"content":{"rendered":"<p>Concevez votre laboratoire sur mesure avec notre gamme d&rsquo;armoires <strong>Harmony<\/strong> en ajoutant des portes et des tiroirs en bois ou en plastique \u00e0 nos armoires m\u00e9talliques.<\/p>\n<p>Avec nos armoires modulaires standard, vous pouvez personnaliser votre laboratoire pour lui donner un tout nouveau look. Gr\u00e2ce \u00e0 un nombre illimit\u00e9 de combinaisons de couleurs et de finitions, nous pouvons cr\u00e9er un style unique, adapt\u00e9 \u00e0 votre environnement.<\/p>\n<p>Cr\u00e9er un laboratoire ne signifie plus seulement d\u00e9cider de l&#8217;emplacement des meubles. La ligne <strong>Harmony<\/strong> de Bedcolab vous permet d\u00e9sormais de penser en termes de couleurs et de textures pour concevoir un espace de travail en trois dimensions, \u00e9l\u00e9gant, fonctionnel et personnalis\u00e9.<\/p>\n","protected":false},"excerpt":{"rendered":"<p>Concevez votre laboratoire sur mesure avec notre gamme d&rsquo;armoires Harmony en ajoutant des portes et des tiroirs en bois ou en plastique \u00e0 nos armoires m\u00e9talliques. Avec nos armoires modulaires standard, vous pouvez personnaliser votre laboratoire pour lui donner un tout nouveau look. Gr\u00e2ce \u00e0 un nombre illimit\u00e9 de combinaisons de couleurs et de finitions,&hellip;<\/p>\n<p><a class=\"more-link\" href=\"https:\/\/www.bedcolab.com\/fr\/mobilier-de-laboratoire\/mobilier-metal-devanture-bois\/\" title=\"Poursuivre la lecture &lsquo;Mobilier de m\u00e9tal \u00e0 devanture de bois&rsquo;\">Continuer la lecture <span class=\"meta-nav\">&rarr;<\/span><\/a><\/p>\n","protected":false},"author":1,"featured_media":578,"parent":717,"menu_order":0,"comment_status":"closed","ping_status":"closed","template":"page-templates\/ink-product.php","meta":{"_acf_changed":false,"footnotes":""},"class_list":["post-749","page","type-page","status-publish","has-post-thumbnail","hentry"],"acf":[],"_links":{"self":[{"href":"https:\/\/www.bedcolab.com\/fr\/wp-json\/wp\/v2\/pages\/749","targetHints":{"allow":["GET"]}}],"collection":[{"href":"https:\/\/www.bedcolab.com\/fr\/wp-json\/wp\/v2\/pages"}],"about":[{"href":"https:\/\/www.bedcolab.com\/fr\/wp-json\/wp\/v2\/types\/page"}],"author":[{"embeddable":true,"href":"https:\/\/www.bedcolab.com\/fr\/wp-json\/wp\/v2\/users\/1"}],"replies":[{"embeddable":true,"href":"https:\/\/www.bedcolab.com\/fr\/wp-json\/wp\/v2\/comments?post=749"}],"version-history":[{"count":3,"href":"https:\/\/www.bedcolab.com\/fr\/wp-json\/wp\/v2\/pages\/749\/revisions"}],"predecessor-version":[{"id":862,"href":"https:\/\/www.bedcolab.com\/fr\/wp-json\/wp\/v2\/pages\/749\/revisions\/862"}],"up":[{"embeddable":true,"href":"https:\/\/www.bedcolab.com\/fr\/wp-json\/wp\/v2\/pages\/717"}],"wp:featuredmedia":[{"embeddable":true,"href":"https:\/\/www.bedcolab.com\/fr\/wp-json\/wp\/v2\/media\/578"}],"wp:attachment":[{"href":"https:\/\/www.bedcolab.com\/fr\/wp-json\/wp\/v2\/media?parent=749"}],"curies":[{"name":"wp","href":"https:\/\/api.w.org\/{rel}","templated":true}]}}