{"id":744,"date":"2017-02-22T15:11:50","date_gmt":"2017-02-22T20:11:50","guid":{"rendered":"https:\/\/www.bedcolab.com\/systemes-adaptables\/cantilever-system\/"},"modified":"2018-09-24T10:31:05","modified_gmt":"2018-09-24T14:31:05","slug":"systeme-en-porte-a-faux","status":"publish","type":"page","link":"https:\/\/www.bedcolab.com\/fr\/systemes-ajustables\/systeme-en-porte-a-faux\/","title":{"rendered":"Syst\u00e8me en porte-\u00e0-faux"},"content":{"rendered":"<p>L&rsquo;Allegro est un syst\u00e8me enti\u00e8rement modulaire en porte-\u00e0-faux qui offre un haut niveau de flexibilit\u00e9 en permettant aux utilisateurs d&rsquo;adapter rapidement et facilement la configuration du banc pour r\u00e9pondre \u00e0 leurs besoins en constante \u00e9volution. Sa modularit\u00e9 int\u00e9gr\u00e9e lui permet d&rsquo;\u00eatre r\u00e9organis\u00e9, reconfigur\u00e9 et d\u00e9plac\u00e9.<\/p>\n<p>Les surfaces de travail et les \u00e9tag\u00e8res peuvent \u00eatre lev\u00e9es ou abaiss\u00e9es en quelques minutes. Les armoires suspendues coulissent lat\u00e9ralement sur les rails et peuvent \u00eatre retir\u00e9es ou ajout\u00e9es en quelques secondes.<\/p>\n<p>Le syst\u00e8me peut \u00e9galement \u00eatre utilis\u00e9 avec n&rsquo;importe quelle combinaison de mobilier mont\u00e9 au sol, de tables mobiles, de chariots et d&rsquo;armoires pour les besoins imm\u00e9diats de flexibilit\u00e9.<\/p>\n<p>Les syst\u00e8mes de types murs et \u00eelots offrent des caissons \u00e0 l\u2019arri\u00e8re avec des panneaux d\u2019acc\u00e8s pratiques et facile aux services de plomberie, d\u2019\u00e9lectricit\u00e9 et autres.<\/p>\n","protected":false},"excerpt":{"rendered":"<p>L&rsquo;Allegro est un syst\u00e8me enti\u00e8rement modulaire en porte-\u00e0-faux qui offre un haut niveau de flexibilit\u00e9 en permettant aux utilisateurs d&rsquo;adapter rapidement et facilement la configuration du banc pour r\u00e9pondre \u00e0 leurs besoins en constante \u00e9volution. Sa modularit\u00e9 int\u00e9gr\u00e9e lui permet d&rsquo;\u00eatre r\u00e9organis\u00e9, reconfigur\u00e9 et d\u00e9plac\u00e9. Les surfaces de travail et les \u00e9tag\u00e8res peuvent \u00eatre lev\u00e9es&hellip;<\/p>\n<p><a class=\"more-link\" href=\"https:\/\/www.bedcolab.com\/fr\/systemes-ajustables\/systeme-en-porte-a-faux\/\" title=\"Poursuivre la lecture &lsquo;Syst\u00e8me en porte-\u00e0-faux&rsquo;\">Continuer la lecture <span class=\"meta-nav\">&rarr;<\/span><\/a><\/p>\n","protected":false},"author":1,"featured_media":595,"parent":715,"menu_order":0,"comment_status":"closed","ping_status":"closed","template":"page-templates\/ink-product.php","meta":{"_acf_changed":false,"footnotes":""},"class_list":["post-744","page","type-page","status-publish","has-post-thumbnail","hentry"],"acf":[],"_links":{"self":[{"href":"https:\/\/www.bedcolab.com\/fr\/wp-json\/wp\/v2\/pages\/744","targetHints":{"allow":["GET"]}}],"collection":[{"href":"https:\/\/www.bedcolab.com\/fr\/wp-json\/wp\/v2\/pages"}],"about":[{"href":"https:\/\/www.bedcolab.com\/fr\/wp-json\/wp\/v2\/types\/page"}],"author":[{"embeddable":true,"href":"https:\/\/www.bedcolab.com\/fr\/wp-json\/wp\/v2\/users\/1"}],"replies":[{"embeddable":true,"href":"https:\/\/www.bedcolab.com\/fr\/wp-json\/wp\/v2\/comments?post=744"}],"version-history":[{"count":4,"href":"https:\/\/www.bedcolab.com\/fr\/wp-json\/wp\/v2\/pages\/744\/revisions"}],"predecessor-version":[{"id":869,"href":"https:\/\/www.bedcolab.com\/fr\/wp-json\/wp\/v2\/pages\/744\/revisions\/869"}],"up":[{"embeddable":true,"href":"https:\/\/www.bedcolab.com\/fr\/wp-json\/wp\/v2\/pages\/715"}],"wp:featuredmedia":[{"embeddable":true,"href":"https:\/\/www.bedcolab.com\/fr\/wp-json\/wp\/v2\/media\/595"}],"wp:attachment":[{"href":"https:\/\/www.bedcolab.com\/fr\/wp-json\/wp\/v2\/media?parent=744"}],"curies":[{"name":"wp","href":"https:\/\/api.w.org\/{rel}","templated":true}]}}