{"id":742,"date":"2017-02-22T15:11:36","date_gmt":"2017-02-22T20:11:36","guid":{"rendered":"https:\/\/www.bedcolab.com\/systemes-adaptables\/miscellaneous-tables\/"},"modified":"2018-09-24T10:31:05","modified_gmt":"2018-09-24T14:31:05","slug":"tables-diverses","status":"publish","type":"page","link":"https:\/\/www.bedcolab.com\/fr\/systemes-ajustables\/tables-diverses\/","title":{"rendered":"Tables diverses"},"content":{"rendered":"<p>En compl\u00e9ment de tout syst\u00e8me de caissons, nos tables mobiles et robustes sont con\u00e7ues pour \u00eatre livr\u00e9es sur roulettes ou sur patins.<\/p>\n<p>Les diff\u00e9rentes tailles et types de nos gammes de tables incluent des options de hauteur fixes ou r\u00e9glables et la possibilit\u00e9 d&rsquo;inclure des tiroirs dans la rambarde.<\/p>\n","protected":false},"excerpt":{"rendered":"<p>En compl\u00e9ment de tout syst\u00e8me de caissons, nos tables mobiles et robustes sont con\u00e7ues pour \u00eatre livr\u00e9es sur roulettes ou sur patins. Les diff\u00e9rentes tailles et types de nos gammes de tables incluent des options de hauteur fixes ou r\u00e9glables et la possibilit\u00e9 d&rsquo;inclure des tiroirs dans la rambarde.<\/p>\n","protected":false},"author":1,"featured_media":594,"parent":715,"menu_order":0,"comment_status":"closed","ping_status":"closed","template":"page-templates\/ink-product.php","meta":{"_acf_changed":false,"footnotes":""},"class_list":["post-742","page","type-page","status-publish","has-post-thumbnail","hentry"],"acf":[],"_links":{"self":[{"href":"https:\/\/www.bedcolab.com\/fr\/wp-json\/wp\/v2\/pages\/742","targetHints":{"allow":["GET"]}}],"collection":[{"href":"https:\/\/www.bedcolab.com\/fr\/wp-json\/wp\/v2\/pages"}],"about":[{"href":"https:\/\/www.bedcolab.com\/fr\/wp-json\/wp\/v2\/types\/page"}],"author":[{"embeddable":true,"href":"https:\/\/www.bedcolab.com\/fr\/wp-json\/wp\/v2\/users\/1"}],"replies":[{"embeddable":true,"href":"https:\/\/www.bedcolab.com\/fr\/wp-json\/wp\/v2\/comments?post=742"}],"version-history":[{"count":3,"href":"https:\/\/www.bedcolab.com\/fr\/wp-json\/wp\/v2\/pages\/742\/revisions"}],"predecessor-version":[{"id":870,"href":"https:\/\/www.bedcolab.com\/fr\/wp-json\/wp\/v2\/pages\/742\/revisions\/870"}],"up":[{"embeddable":true,"href":"https:\/\/www.bedcolab.com\/fr\/wp-json\/wp\/v2\/pages\/715"}],"wp:featuredmedia":[{"embeddable":true,"href":"https:\/\/www.bedcolab.com\/fr\/wp-json\/wp\/v2\/media\/594"}],"wp:attachment":[{"href":"https:\/\/www.bedcolab.com\/fr\/wp-json\/wp\/v2\/media?parent=742"}],"curies":[{"name":"wp","href":"https:\/\/api.w.org\/{rel}","templated":true}]}}