{"id":736,"date":"2017-02-22T15:11:23","date_gmt":"2017-02-22T20:11:23","guid":{"rendered":"https:\/\/www.bedcolab.com\/systemes-adaptables\/cantilever-carts\/"},"modified":"2018-09-24T10:31:05","modified_gmt":"2018-09-24T14:31:05","slug":"chariots-porte-a-faux","status":"publish","type":"page","link":"https:\/\/www.bedcolab.com\/fr\/systemes-ajustables\/chariots-porte-a-faux\/","title":{"rendered":"Chariots en porte-\u00e0-faux"},"content":{"rendered":"<p>Lorsque la mobilit\u00e9 est primordiale, nos tables et chariots mobiles <strong>Allegro<\/strong> polyvalents et fiables ou nos chariots ultra-robustes <strong>Crescendo<\/strong>\u00a0constituent la solution \u00e9conomique id\u00e9ale.<\/p>\n<p>Ils peuvent \u00eatre utilis\u00e9s en tant que stations de travail autonomes multifonctions ou peuvent facilement \u00eatre combin\u00e9s avec d&rsquo;autres types d&rsquo;armoires dans votre configuration de laboratoire.<\/p>\n<p>Les deux gammes de chariot sont \u00e9quip\u00e9es de comptoirs et d&rsquo;\u00e9tag\u00e8res r\u00e9glables et peuvent \u00eatre command\u00e9es avec des \u00e9clairage de travail, des canalisations \u00e9lectriques et des services de plomberie \u00e0 d\u00e9connexion rapide pour \u00eatre utilis\u00e9s avec nos panneaux de service de plafond ou *********\u00a0<em><strong>nos caissons a\u00e9riens. **********<\/strong><\/em><\/p>\n","protected":false},"excerpt":{"rendered":"<p>Lorsque la mobilit\u00e9 est primordiale, nos tables et chariots mobiles Allegro polyvalents et fiables ou nos chariots ultra-robustes Crescendo\u00a0constituent la solution \u00e9conomique id\u00e9ale. Ils peuvent \u00eatre utilis\u00e9s en tant que stations de travail autonomes multifonctions ou peuvent facilement \u00eatre combin\u00e9s avec d&rsquo;autres types d&rsquo;armoires dans votre configuration de laboratoire. Les deux gammes de chariot sont&hellip;<\/p>\n<p><a class=\"more-link\" href=\"https:\/\/www.bedcolab.com\/fr\/systemes-ajustables\/chariots-porte-a-faux\/\" title=\"Poursuivre la lecture &lsquo;Chariots en porte-\u00e0-faux&rsquo;\">Continuer la lecture <span class=\"meta-nav\">&rarr;<\/span><\/a><\/p>\n","protected":false},"author":1,"featured_media":593,"parent":715,"menu_order":0,"comment_status":"closed","ping_status":"closed","template":"page-templates\/ink-product.php","meta":{"_acf_changed":false,"footnotes":""},"class_list":["post-736","page","type-page","status-publish","has-post-thumbnail","hentry"],"acf":[],"_links":{"self":[{"href":"https:\/\/www.bedcolab.com\/fr\/wp-json\/wp\/v2\/pages\/736","targetHints":{"allow":["GET"]}}],"collection":[{"href":"https:\/\/www.bedcolab.com\/fr\/wp-json\/wp\/v2\/pages"}],"about":[{"href":"https:\/\/www.bedcolab.com\/fr\/wp-json\/wp\/v2\/types\/page"}],"author":[{"embeddable":true,"href":"https:\/\/www.bedcolab.com\/fr\/wp-json\/wp\/v2\/users\/1"}],"replies":[{"embeddable":true,"href":"https:\/\/www.bedcolab.com\/fr\/wp-json\/wp\/v2\/comments?post=736"}],"version-history":[{"count":5,"href":"https:\/\/www.bedcolab.com\/fr\/wp-json\/wp\/v2\/pages\/736\/revisions"}],"predecessor-version":[{"id":865,"href":"https:\/\/www.bedcolab.com\/fr\/wp-json\/wp\/v2\/pages\/736\/revisions\/865"}],"up":[{"embeddable":true,"href":"https:\/\/www.bedcolab.com\/fr\/wp-json\/wp\/v2\/pages\/715"}],"wp:featuredmedia":[{"embeddable":true,"href":"https:\/\/www.bedcolab.com\/fr\/wp-json\/wp\/v2\/media\/593"}],"wp:attachment":[{"href":"https:\/\/www.bedcolab.com\/fr\/wp-json\/wp\/v2\/media?parent=736"}],"curies":[{"name":"wp","href":"https:\/\/api.w.org\/{rel}","templated":true}]}}