{"id":732,"date":"2017-02-22T15:09:54","date_gmt":"2017-02-22T20:09:54","guid":{"rendered":"https:\/\/www.bedcolab.com\/systemes-adaptables\/table-system-with-integrated-services\/"},"modified":"2018-09-24T10:31:05","modified_gmt":"2018-09-24T14:31:05","slug":"systeme-tables-services-integres","status":"publish","type":"page","link":"https:\/\/www.bedcolab.com\/fr\/systemes-ajustables\/systeme-tables-services-integres\/","title":{"rendered":"Syst\u00e8me de tables avec services int\u00e9gr\u00e9s"},"content":{"rendered":"<p>Le syst\u00e8me de bancs modulaires <strong>Symphony 2<\/strong> est le nec plus ultra en mati\u00e8re de mobilier de laboratoire adaptable, offrant la mobilit\u00e9 et la flexibilit\u00e9 les plus compl\u00e8tes pour r\u00e9pondre aux d\u00e9fis des laboratoires d\u2019aujourd\u2019hui.<\/p>\n<p>En plus d&rsquo;une surface de travail et d\u2019\u00e9tag\u00e8res facilement r\u00e9glables en hauteur, cet ensemble de bancs modulaires autonomes peut \u00eatre facilement converti, passant d&rsquo;unit\u00e9s simples pour des applications murales \u00e0 des configurations d&rsquo;\u00eelots \u00e0 deux bancs et vice versa. Il a \u00e9galement la capacit\u00e9 de s\u2019adapter aux besoins des utilisateurs finaux pour l\u2019incorporation de gros \u00e9quipements dans le syst\u00e8me.<\/p>\n<p>Les services de gaz, d\u2019\u00e9lectricit\u00e9 et de datas sont enti\u00e8rement int\u00e9gr\u00e9s utilisant des appareils \u00e0 connexion rapide mont\u00e9s sur des tuyaux flexibles et des cordons pour vous permettre de reconfigurer rapidement et \u00e9conomiquement la disposition de votre laboratoire \u00e0 votre convenance.<\/p>\n<p>Des espaces de rangements peuvent \u00eatre ajout\u00e9es \u00e0 l&rsquo;aide de nos armoires suspendues qui coulissent lat\u00e9ralement sur des rails ou avec des meubles mont\u00e9s au sol ou des meubles \u00e0 caissons provenant de l&rsquo;une de nos trois gammes d&rsquo;armoires.<\/p>\n","protected":false},"excerpt":{"rendered":"<p>Le syst\u00e8me de bancs modulaires Symphony 2 est le nec plus ultra en mati\u00e8re de mobilier de laboratoire adaptable, offrant la mobilit\u00e9 et la flexibilit\u00e9 les plus compl\u00e8tes pour r\u00e9pondre aux d\u00e9fis des laboratoires d\u2019aujourd\u2019hui. En plus d&rsquo;une surface de travail et d\u2019\u00e9tag\u00e8res facilement r\u00e9glables en hauteur, cet ensemble de bancs modulaires autonomes peut \u00eatre&hellip;<\/p>\n<p><a class=\"more-link\" href=\"https:\/\/www.bedcolab.com\/fr\/systemes-ajustables\/systeme-tables-services-integres\/\" title=\"Poursuivre la lecture &lsquo;Syst\u00e8me de tables avec services int\u00e9gr\u00e9s&rsquo;\">Continuer la lecture <span class=\"meta-nav\">&rarr;<\/span><\/a><\/p>\n","protected":false},"author":1,"featured_media":582,"parent":715,"menu_order":0,"comment_status":"closed","ping_status":"closed","template":"page-templates\/ink-product.php","meta":{"_acf_changed":false,"footnotes":""},"class_list":["post-732","page","type-page","status-publish","has-post-thumbnail","hentry"],"acf":[],"_links":{"self":[{"href":"https:\/\/www.bedcolab.com\/fr\/wp-json\/wp\/v2\/pages\/732","targetHints":{"allow":["GET"]}}],"collection":[{"href":"https:\/\/www.bedcolab.com\/fr\/wp-json\/wp\/v2\/pages"}],"about":[{"href":"https:\/\/www.bedcolab.com\/fr\/wp-json\/wp\/v2\/types\/page"}],"author":[{"embeddable":true,"href":"https:\/\/www.bedcolab.com\/fr\/wp-json\/wp\/v2\/users\/1"}],"replies":[{"embeddable":true,"href":"https:\/\/www.bedcolab.com\/fr\/wp-json\/wp\/v2\/comments?post=732"}],"version-history":[{"count":4,"href":"https:\/\/www.bedcolab.com\/fr\/wp-json\/wp\/v2\/pages\/732\/revisions"}],"predecessor-version":[{"id":867,"href":"https:\/\/www.bedcolab.com\/fr\/wp-json\/wp\/v2\/pages\/732\/revisions\/867"}],"up":[{"embeddable":true,"href":"https:\/\/www.bedcolab.com\/fr\/wp-json\/wp\/v2\/pages\/715"}],"wp:featuredmedia":[{"embeddable":true,"href":"https:\/\/www.bedcolab.com\/fr\/wp-json\/wp\/v2\/media\/582"}],"wp:attachment":[{"href":"https:\/\/www.bedcolab.com\/fr\/wp-json\/wp\/v2\/media?parent=732"}],"curies":[{"name":"wp","href":"https:\/\/api.w.org\/{rel}","templated":true}]}}