{"id":722,"date":"2017-03-06T19:30:51","date_gmt":"2017-03-07T00:30:51","guid":{"rendered":"https:\/\/www.bedcolab.com\/about-us\/"},"modified":"2018-12-12T09:02:47","modified_gmt":"2018-12-12T14:02:47","slug":"a-propos-bedcolab","status":"publish","type":"page","link":"https:\/\/www.bedcolab.com\/fr\/a-propos-bedcolab\/","title":{"rendered":"\u00c0 propos de Bedcolab"},"content":{"rendered":"<div class=\"box\">\n<div class=\"l full_sw\"><img decoding=\"async\" src=\"https:\/\/www.bedcolab.com\/wp-content\/uploads\/2017\/03\/forte-metal-casework.jpg\" alt=\"forte-metalcasework\" \/><\/div>\n<div class=\"r full_sw\">\n<h3>Mobiliers Forte en acier<\/h3>\n<p>L&rsquo;acier est le mat\u00e9riau de choix pour un environnement de laboratoire car &#8230;<\/p>\n<ul>\n<li>L&rsquo;acier est une ressource naturelle abondante;<\/li>\n<li>L&rsquo;acier offre des propri\u00e9t\u00e9s de r\u00e9sistance physique et chimique sup\u00e9rieures;<\/li>\n<li>Les armoires en acier offrent un cycle de vie plus long que les meubles en bois ou en plastique;<\/li>\n<li>L&rsquo;acier ne n\u00e9cessite aucune colle ou autre agent de liaison.<\/li>\n<\/ul>\n<\/div>\n<div class=\"clear\"><\/div>\n<\/div>\n<div class=\"box\">\n<div class=\"l full_sw\"><img decoding=\"async\" src=\"https:\/\/www.bedcolab.com\/wp-content\/uploads\/2017\/03\/forte-metalcasework-3rs.jpg\" alt=\"forte-metalcasework-3rs\" \/><\/div>\n<div class=\"r full_sw\">\n<h4>Les 3 R\u2019s des mobiliers Forte en acier<\/h4>\n<ul>\n<li><strong>R\u00e9utiliser<\/strong>: Nos armoires sont con\u00e7ues pour faciliter la reconfiguration des portes et des tiroirs en privil\u00e9giant le principe de \u00ab r\u00e9utilisation \u00bb.<\/li>\n<li><strong>Remettre \u00e0 neuf<\/strong>: Les armoires en m\u00e9tal peuvent facilement \u00eatre repeintes pour prolonger leur cycle de vie.<\/li>\n<li><strong>Recycler<\/strong>: Le produit est un mat\u00e9riau hautement recyclable.<\/li>\n<\/ul>\n<\/div>\n<div class=\"clear\"><\/div>\n<\/div>\n<div class=\"box\">\n<div class=\"l full_sw\"><img decoding=\"async\" src=\"https:\/\/www.bedcolab.com\/wp-content\/uploads\/2017\/03\/adaptable-furniture-systems.jpg\" alt=\"adaptable-furniture-system\" \/><\/div>\n<div class=\"r full_sw\">\n<h3>Syst\u00e8me de mobilier adaptable<\/h3>\n<p>Bedcolab offre diff\u00e9rentes lignes de syst\u00e8mes de mobilier adaptable, chacune con\u00e7ue pour fournir diff\u00e9rents niveaux de flexibilit\u00e9 dans l&rsquo;environnement de recherche. Notre syst\u00e8me brevet\u00e9 Symphony II, qui permet de d\u00e9placer facilement de gauche \u00e0 droite les bancs de laboratoire, rend possible une reconfiguration compl\u00e8te en quelques heures. Nos syst\u00e8mes sont durables et adaptables afin d&rsquo;offrir la flexibilit\u00e9 n\u00e9cessaire pour r\u00e9pondre \u00e0 des changements de vocation de l&rsquo;espace de laboratoire au cours des ann\u00e9es.<\/p>\n<\/div>\n<div class=\"clear\"><\/div>\n<\/div>\n<div class=\"box\">\n<div class=\"l full_sw\"><img decoding=\"async\" src=\"https:\/\/www.bedcolab.com\/wp-content\/uploads\/2017\/03\/vanguard-fume-hoods.jpg\" alt=\"vanguard-fume-hoods\" \/><\/div>\n<div class=\"r full_sw\">\n<h3>Hottes Vanguard<\/h3>\n<p>Nous avons con\u00e7u une ligne de hottes de r\u00e9cup\u00e9ration des fum\u00e9es de laboratoire, qui est \u00e9cologiquement responsable, qui r\u00e9duit la consommation d&rsquo;\u00e9nergie et les co\u00fbts de l&rsquo;infrastructure CVC en fonctionnant \u00e0 des vitesses inf\u00e9rieures sans devoir recourir \u00e0 des d\u00e9flecteurs m\u00e9canis\u00e9s en plus des syst\u00e8mes de ventilation motoris\u00e9s habituels. De plus, notre conception novatrice maintient une profondeur ext\u00e9rieure standard de 32 3\/4 po, de sorte qu&rsquo;il n&rsquo;est pas n\u00e9cessaire de compromettre un espace pr\u00e9cieux ou de construire des pieds carr\u00e9s suppl\u00e9mentaires qui augmentent les co\u00fbts de construction.<\/p>\n<\/div>\n<div class=\"clear\"><\/div>\n<\/div>\n<div class=\"box\">\n<div class=\"l full_sw\"><img decoding=\"async\" src=\"https:\/\/www.bedcolab.com\/wp-content\/uploads\/2018\/12\/certification.jpg\" alt=\"certifications\" \/><\/div>\n<div class=\"r full_sw\">\n<h3>Certifications<\/h3>\n<p>Toutes nos hottes de laboratoire sont test\u00e9es dans nos installations internes en utilisant la m\u00e9thode d&rsquo;essai ASHRAE-110 et respectent ou d\u00e9passent toutes les normes et r\u00e9glementations reconnues de l&rsquo;industrie. De plus, toutes nos hottes sont test\u00e9es et certifi\u00e9es selon les normes <strong>UL<\/strong> et <strong>CSA<\/strong>. Toutes nos armoires sp\u00e9cialis\u00e9es et nos tables int\u00e9grant des composants \u00e9lectriques sont \u00e9galement certifi\u00e9es <strong>UL<\/strong> et <strong>CSA<\/strong>.<\/p>\n<\/div>\n<div class=\"clear\"><\/div>\n<\/div>\n<div class=\"box\">\n<div class=\"l full_sw\"><img decoding=\"async\" src=\"https:\/\/www.bedcolab.com\/wp-content\/uploads\/2017\/03\/sefa-member.jpg\" alt=\"sefa-member\" \/><\/div>\n<div class=\"r full_sw\">\n<h3>Membre SEFA<\/h3>\n<p>Bedcolab est un fier membre de la Scientific Equipment and Furniture Association depuis 1997. Nous avons particip\u00e9 activement \u00e0 l&rsquo;\u00e9laboration des normes <strong>SEFA 1<\/strong> et <strong>SEFA 8<\/strong> qui sont maintenant reconnues comme des r\u00e9f\u00e9rences dans l&rsquo;industrie. Tous les produits de Bedcolab, y compris les hottes de laboratoire, les armoires, les tables et les syst\u00e8mes de caissons, sont con\u00e7us pour se conformer ou d\u00e9passer les exigences de toutes les pratiques recommand\u00e9es <strong>SEFA<\/strong><\/p>\n<\/div>\n<div class=\"clear\"><\/div>\n<\/div>\n","protected":false},"excerpt":{"rendered":"<p>Mobiliers Forte en acier L&rsquo;acier est le mat\u00e9riau de choix pour un environnement de laboratoire car &#8230; L&rsquo;acier est une ressource naturelle abondante; L&rsquo;acier offre des propri\u00e9t\u00e9s de r\u00e9sistance physique et chimique sup\u00e9rieures; Les armoires en acier offrent un cycle de vie plus long que les meubles en bois ou en plastique; L&rsquo;acier ne n\u00e9cessite&hellip;<\/p>\n<p><a class=\"more-link\" href=\"https:\/\/www.bedcolab.com\/fr\/a-propos-bedcolab\/\" title=\"Poursuivre la lecture &lsquo;\u00c0 propos de Bedcolab&rsquo;\">Continuer la lecture <span class=\"meta-nav\">&rarr;<\/span><\/a><\/p>\n","protected":false},"author":1,"featured_media":0,"parent":0,"menu_order":0,"comment_status":"closed","ping_status":"closed","template":"page-templates\/ink-about.php","meta":{"_acf_changed":false,"footnotes":""},"class_list":["post-722","page","type-page","status-publish","hentry"],"acf":[],"_links":{"self":[{"href":"https:\/\/www.bedcolab.com\/fr\/wp-json\/wp\/v2\/pages\/722","targetHints":{"allow":["GET"]}}],"collection":[{"href":"https:\/\/www.bedcolab.com\/fr\/wp-json\/wp\/v2\/pages"}],"about":[{"href":"https:\/\/www.bedcolab.com\/fr\/wp-json\/wp\/v2\/types\/page"}],"author":[{"embeddable":true,"href":"https:\/\/www.bedcolab.com\/fr\/wp-json\/wp\/v2\/users\/1"}],"replies":[{"embeddable":true,"href":"https:\/\/www.bedcolab.com\/fr\/wp-json\/wp\/v2\/comments?post=722"}],"version-history":[{"count":17,"href":"https:\/\/www.bedcolab.com\/fr\/wp-json\/wp\/v2\/pages\/722\/revisions"}],"predecessor-version":[{"id":951,"href":"https:\/\/www.bedcolab.com\/fr\/wp-json\/wp\/v2\/pages\/722\/revisions\/951"}],"wp:attachment":[{"href":"https:\/\/www.bedcolab.com\/fr\/wp-json\/wp\/v2\/media?parent=722"}],"curies":[{"name":"wp","href":"https:\/\/api.w.org\/{rel}","templated":true}]}}