{"id":1493,"date":"2017-02-22T14:58:44","date_gmt":"2017-02-22T19:58:44","guid":{"rendered":"https:\/\/www.bedcolab.com\/mobilier-de-laboratoire\/wood-casework\/"},"modified":"2019-06-12T09:27:19","modified_gmt":"2019-06-12T13:27:19","slug":"mobilier-de-bois","status":"publish","type":"page","link":"https:\/\/www.bedcolab.com\/fr\/mobilier-de-laboratoire\/mobilier-de-bois\/","title":{"rendered":"Mobilier de bois"},"content":{"rendered":"\n<p>\u00c0 titre de membre de Tier One Lab Environments, Bedcolab collabore avec CiF Lab Solutions pour offrir une ligne compl\u00e8te d&rsquo;armoires, cabinets fixes, mobiles et suspendus en bois. Les cabinets suspendus peuvent facilement \u00eatre combin\u00e9s aux tables de travail Bedcolab.<\/p>\n\n\n\n<p>Personnalisez votre laboratoire et ajoutez-y une touche d&rsquo;\u00e9l\u00e9gance en choisissant parmi une s\u00e9lection illimit\u00e9e de placages de bois de grande qualit\u00e9, tout en cr\u00e9ant des cabinets aux dimensions sur mesure. La capacit\u00e9 de CiF \u00e0 atteindre et m\u00eame \u00e0 d\u00e9passer les standards AWI-QCP et SEFA-8W assure une performance optimale. Ces produits respectueux de l&rsquo;environnement participeront \u00e0 vous aider \u00e0 atteindre le statut LEED pour votre projet.<\/p>\n","protected":false},"excerpt":{"rendered":"<p>\u00c0 titre de membre de Tier One Lab Environments, Bedcolab collabore avec CiF Lab Solutions pour offrir une ligne compl\u00e8te d&rsquo;armoires, cabinets fixes, mobiles et suspendus en bois. Les cabinets suspendus peuvent facilement \u00eatre combin\u00e9s aux tables de travail Bedcolab. Personnalisez votre laboratoire et ajoutez-y une touche d&rsquo;\u00e9l\u00e9gance en choisissant parmi une s\u00e9lection illimit\u00e9e de&hellip;<\/p>\n<p><a class=\"more-link\" href=\"https:\/\/www.bedcolab.com\/fr\/mobilier-de-laboratoire\/mobilier-de-bois\/\" title=\"Poursuivre la lecture &lsquo;Mobilier de bois&rsquo;\">Continuer la lecture <span class=\"meta-nav\">&rarr;<\/span><\/a><\/p>\n","protected":false},"author":208,"featured_media":1487,"parent":717,"menu_order":0,"comment_status":"closed","ping_status":"closed","template":"page-templates\/ink-product.php","meta":{"_acf_changed":false,"footnotes":""},"class_list":["post-1493","page","type-page","status-publish","has-post-thumbnail","hentry"],"acf":[],"_links":{"self":[{"href":"https:\/\/www.bedcolab.com\/fr\/wp-json\/wp\/v2\/pages\/1493","targetHints":{"allow":["GET"]}}],"collection":[{"href":"https:\/\/www.bedcolab.com\/fr\/wp-json\/wp\/v2\/pages"}],"about":[{"href":"https:\/\/www.bedcolab.com\/fr\/wp-json\/wp\/v2\/types\/page"}],"author":[{"embeddable":true,"href":"https:\/\/www.bedcolab.com\/fr\/wp-json\/wp\/v2\/users\/208"}],"replies":[{"embeddable":true,"href":"https:\/\/www.bedcolab.com\/fr\/wp-json\/wp\/v2\/comments?post=1493"}],"version-history":[{"count":20,"href":"https:\/\/www.bedcolab.com\/fr\/wp-json\/wp\/v2\/pages\/1493\/revisions"}],"predecessor-version":[{"id":1516,"href":"https:\/\/www.bedcolab.com\/fr\/wp-json\/wp\/v2\/pages\/1493\/revisions\/1516"}],"up":[{"embeddable":true,"href":"https:\/\/www.bedcolab.com\/fr\/wp-json\/wp\/v2\/pages\/717"}],"wp:featuredmedia":[{"embeddable":true,"href":"https:\/\/www.bedcolab.com\/fr\/wp-json\/wp\/v2\/media\/1487"}],"wp:attachment":[{"href":"https:\/\/www.bedcolab.com\/fr\/wp-json\/wp\/v2\/media?parent=1493"}],"curies":[{"name":"wp","href":"https:\/\/api.w.org\/{rel}","templated":true}]}}